{"id":2757,"date":"2019-11-14T13:21:36","date_gmt":"2019-11-14T13:21:36","guid":{"rendered":"https:\/\/www.easyrepro.nl\/online\/?page_id=2757"},"modified":"2020-04-30T06:59:29","modified_gmt":"2020-04-30T06:59:29","slug":"staedtler","status":"publish","type":"page","link":"https:\/\/www.easyrepro.nl\/online\/?page_id=2757","title":{"rendered":"STAEDTLER"},"content":{"rendered":"<p>[vc_row][vc_column width=&#8221;1\/6&#8243;][\/vc_column][vc_column width=&#8221;2\/3&#8243;][vc_column_text css=&#8221;.vc_custom_1573737450191{margin-top: 30px !important;}&#8221;]<\/p>\n<h1 style=\"text-align: left;\"><strong>STAEDTLER<\/strong><\/h1>\n<p>[\/vc_column_text][vc_column_text]<\/p>\n<h5>Over STAEDTLER<\/h5>\n<p>STAEDTLER, \u00e9\u00e9n van de oudste industri\u00eble ondernemingen in Duitsland met hoofdzetel in N\u00fcrnberg, maakt gebruik van de lange traditie van de familie van potloodmakers Staedtler, de decennia lange ervaring en de belangrijke voorsprong in het zoeken en ontwikkelen van vernieuwende producten van de hoogst mogelijke merkkwaliteit.<\/p>\n<p>Wanneer men op de geschiedenis van het bedrijf terugblikt, kan men vaststellen dat het bedrijf zelf en de voorouders van de stichter altijd op hun tijd vooruit waren.<\/p>\n<p>De naam is altijd synoniem geweest met vernieuwing &#8216;Made in Germany&#8217; wat zich onmiddellijk weerspiegelt in voordelen voor de consument.<\/p>\n<p>Over de jaren heen zijn we er steeds in geslaagd om inspirerende, innoverende producten te ontwikkelen, wat ervoor zorgde dat het bedrijf de absolute lieveling is van de gebruiker wat schrijfinstrumenten betreft.[\/vc_column_text][vc_column_text]<\/p>\n<h5><strong>Ons assortiment<\/strong><\/h5>\n<p>Of u nu op zoek bent naar een fineliner of een tekenpotlood, u kunt bij ons alles vinden!<br \/>\nWij verkopen van STAEDTLER een divers assortiment aan pennen, potloden en stiften.<br \/>\nKom eens kijken in onze winkel![\/vc_column_text][\/vc_column][vc_column width=&#8221;1\/6&#8243;][\/vc_column][\/vc_row][vc_row][vc_column][vc_single_image image=&#8221;2758&#8243; img_size=&#8221;full&#8221; alignment=&#8221;center&#8221;][vc_separator color=&#8221;orange&#8221;][\/vc_column][\/vc_row]<\/p>\n","protected":false},"excerpt":{"rendered":"<p>[vc_row][vc_column width=&#8221;1\/6&#8243;][\/vc_column][vc_column width=&#8221;2\/3&#8243;][vc_column_text css=&#8221;.vc_custom_1573737450191{margin-top: 30px !important;}&#8221;] STAEDTLER [\/vc_column_text][vc_column_text] Over STAEDTLER STAEDTLER, \u00e9\u00e9n van de oudste industri\u00eble ondernemingen in Duitsland met hoofdzetel in N\u00fcrnberg, maakt gebruik van de lange traditie van de familie van potloodmakers Staedtler, de decennia lange ervaring en de belangrijke voorsprong in het zoeken en ontwikkelen van vernieuwende producten van de hoogst mogelijke [&hellip;]<\/p>\n","protected":false},"author":1,"featured_media":0,"parent":0,"menu_order":0,"comment_status":"closed","ping_status":"closed","template":"","meta":{"_mi_skip_tracking":false,"footnotes":""},"class_list":["post-2757","page","type-page","status-publish","hentry","clearfix"],"_links":{"self":[{"href":"https:\/\/www.easyrepro.nl\/online\/index.php?rest_route=\/wp\/v2\/pages\/2757"}],"collection":[{"href":"https:\/\/www.easyrepro.nl\/online\/index.php?rest_route=\/wp\/v2\/pages"}],"about":[{"href":"https:\/\/www.easyrepro.nl\/online\/index.php?rest_route=\/wp\/v2\/types\/page"}],"author":[{"embeddable":true,"href":"https:\/\/www.easyrepro.nl\/online\/index.php?rest_route=\/wp\/v2\/users\/1"}],"replies":[{"embeddable":true,"href":"https:\/\/www.easyrepro.nl\/online\/index.php?rest_route=%2Fwp%2Fv2%2Fcomments&post=2757"}],"version-history":[{"count":1,"href":"https:\/\/www.easyrepro.nl\/online\/index.php?rest_route=\/wp\/v2\/pages\/2757\/revisions"}],"predecessor-version":[{"id":2759,"href":"https:\/\/www.easyrepro.nl\/online\/index.php?rest_route=\/wp\/v2\/pages\/2757\/revisions\/2759"}],"wp:attachment":[{"href":"https:\/\/www.easyrepro.nl\/online\/index.php?rest_route=%2Fwp%2Fv2%2Fmedia&parent=2757"}],"curies":[{"name":"wp","href":"https:\/\/api.w.org\/{rel}","templated":true}]}}